{"id":49,"date":"2025-11-08T20:54:21","date_gmt":"2025-11-08T20:54:21","guid":{"rendered":"https:\/\/gooddeedsauto.com\/book-device\/"},"modified":"2025-11-10T18:18:05","modified_gmt":"2025-11-10T18:18:05","slug":"book-device","status":"publish","type":"page","link":"https:\/\/gooddeedsauto.com\/es\/book-device\/","title":{"rendered":"Book Repair"},"content":{"rendered":"<div class=\"wc_rb_mb_wrap\"><form method=\"post\" action=\"\" name=\"wc_rb_device_form\" data-trp-original-action=\"\"><div class=\"wc_rb_mb_section wc_rb_mb_manufactures\"><div class=\"wc_rb_mb_head\"><h2>Select Vehicle Manufacter<\/h2><\/div><div class=\"wc_rb_mb_body\"><input type=\"hidden\" id=\"wc_rb_mb_device_submit\" name=\"wc_rb_mb_device_submit\" value=\"b0ba4dd5a2\" \/><input type=\"hidden\" name=\"_wp_http_referer\" value=\"\/es\/wp-json\/wp\/v2\/pages\/49\" \/><input type=\"hidden\" name=\"wcrb_thebrand_iddef\" id=\"wcrb_thebrand_iddef\" value=\"\"><ul class=\"manufacture_list\"><li><a class=\"\" href=\"#\" dt_brand_device=\"thebrand\" dt_brand_id=\"60\" title=\"American Vehicles\"><h3>American Vehicles<\/h3><\/a><\/li><li><a class=\"\" href=\"#\" dt_brand_device=\"thebrand\" dt_brand_id=\"59\" title=\"Asian Vehicles\"><h3>Asian Vehicles<\/h3><\/a><\/li><li><a class=\"\" href=\"#\" dt_brand_device=\"thebrand\" dt_brand_id=\"58\" title=\"European Vehicles\"><h3>European Vehicles<\/h3><\/a><\/li><\/ul><\/div><!-- body ends \/--><\/div><div class=\"wc_rb_mb_section wc_rb_mb_device\"><input name=\"add_more_device_label\" type=\"hidden\" value=\"Add another Vehicle\" \/><input name=\"select_service_label\" type=\"hidden\" value=\"Select service\" \/><input name=\"enter_device_label_missing_msg\" type=\"hidden\" value=\"Please enter the name of device or select another device, and remove devices not needed.\" \/><div class=\"wc_rb_mb_head\"><h2>Select Vehicle<\/h2><\/div><input type=\"hidden\" name=\"wcrb_thedevice_id\" id=\"wcrb_thedevice_id\" value=\"\"><input type=\"hidden\" name=\"wcrb_thedevice_iddef\" id=\"wcrb_thedevice_iddef\" value=\"\"><div class=\"wc_rb_mb_body text-center device-message\">Seleccione un fabricante para enumerar los dispositivos<br>Si tiene un dispositivo diferente o alguna otra consulta, p\u00f3ngase en contacto con nosotros.<\/div><!-- body ends \/--><div class=\"wc_rb_mb_body selected_devices\"><div class=\"selected_devices_message\"><\/div><\/div><!-- Selected Devices \/--><\/div><div class=\"wcrb_services_holder\"><div class=\"wcrb_services_holder_message\"><\/div><\/div><div class=\"wc_rb_mb_section wc_rb_mb_customer displayNone\"><div class=\"wc_rb_mb_head\"><h2>Informaci\u00f3n del cliente<\/h2><\/div><div class=\"wcrb_container wc_rb_mb_body final_customer_message grid-container fluid\"><div class=\"customer-details-section\" data-section=\"customer_details\" ><div class=\"customer-details-form\"><div class=\"form-grid\"><div class=\"form-field\"><label>Nombre *<input type=\"text\" name=\"firstName\" value=\"\" class=\"form-control login-field\" placeholder=\"Nombre\" required \/><\/label><\/div><div class=\"form-field\"><label>Apellido *<input type=\"text\" name=\"lastName\" value=\"\" class=\"form-control login-field\" placeholder=\"Apellido\" required \/><\/label><\/div><div class=\"form-field\"><label>Correo electr\u00f3nico *<input type=\"email\" name=\"userEmail\" value=\"\" class=\"form-control login-field\" placeholder=\"Correo electr\u00f3nico\" required \/><\/label><\/div><div class=\"form-field\"><label>N\u00famero de tel\u00e9fono *<input type=\"tel\" name=\"phoneNumber_ol\" value=\"\" class=\"form-control login-field\" placeholder=\"N\u00famero de tel\u00e9fono\" required \/><\/label><\/div><div class=\"form-field\"><label>Compa\u00f1\u00eda<input type=\"text\" name=\"userCompany\" value=\"\" class=\"form-control login-field\" placeholder=\"Compa\u00f1\u00eda\" \/><\/label><\/div><div class=\"form-field\"><label>Tax ID<input type=\"text\" name=\"billing_tax\" value=\"\" class=\"form-control login-field\" placeholder=\"Tax ID\" \/><\/label><\/div><div class=\"form-field\"><label>Direcci\u00f3n<input type=\"text\" name=\"userAddress\" value=\"\" class=\"form-control login-field\" placeholder=\"Direcci\u00f3n\" \/><\/label><\/div><div class=\"form-field\"><label>Ciudad<input type=\"text\" name=\"userCity\" value=\"\" class=\"form-control login-field\" placeholder=\"Ciudad\" \/><\/label><\/div><div class=\"form-field\"><label>State<input type=\"text\" name=\"userState\" value=\"\" class=\"form-control login-field\" placeholder=\"State\" \/><\/label><\/div><div class=\"form-field\"><label>Postal code<input type=\"text\" name=\"postalCode\" value=\"\" class=\"form-control login-field\" placeholder=\"Postal code\" \/><\/label><\/div><div class=\"form-field\"><label>Pa\u00eds<select name=\"userCountry\" class=\"form-control login-field\" ><option value=\"\">Seleccionar pa\u00eds<\/option><option value=\"\" selected=\"selected\">Seleccionar pa\u00eds<\/option><option value=\"AF\">Afganist\u00e1n<\/option><option value=\"AL\">Albania<\/option><option value=\"DZ\">Argelia<\/option><option value=\"AS\">Samoa Americana<\/option><option value=\"AD\">Andorra<\/option><option value=\"AO\">Angola<\/option><option value=\"AI\">Anguila<\/option><option value=\"AQ\">Ant\u00e1rtida<\/option><option value=\"AG\">Antigua y Barbuda<\/option><option value=\"AR\">Argentina<\/option><option value=\"AM\">Armenia<\/option><option value=\"AW\">Aruba<\/option><option value=\"AU\">Australia<\/option><option value=\"AT\">Austria<\/option><option value=\"AZ\">Azerbaiy\u00e1n<\/option><option value=\"BS\">Bahamas<\/option><option value=\"BH\">Bahrein<\/option><option value=\"BD\">Bangladesh<\/option><option value=\"BB\">Barbados<\/option><option value=\"BY\">Bielorrusia<\/option><option value=\"BE\">B\u00e9lgica<\/option><option value=\"BZ\">Belice<\/option><option value=\"BJ\">Benin<\/option><option value=\"BM\">Bermudas<\/option><option value=\"BT\">Bhut\u00e1n<\/option><option value=\"BO\">Bolivia<\/option><option value=\"BA\">Bosnia-Herzegovina<\/option><option value=\"BW\">Botswana<\/option><option value=\"BV\">Isla Bouvet<\/option><option value=\"BR\">Brasil<\/option><option value=\"IO\">Territorio Brit\u00e1nico del Oc\u00e9ano \u00cdndico<\/option><option value=\"BN\">Brunei Darussalam<\/option><option value=\"BG\">Bulgaria<\/option><option value=\"BF\">Burkina Faso<\/option><option value=\"BI\">Burundi<\/option><option value=\"KH\">Camboya<\/option><option value=\"CM\">Camer\u00fan<\/option><option value=\"CA\">Canad\u00e1<\/option><option value=\"CV\">Cabo Verde<\/option><option value=\"KY\">Islas Caim\u00e1n<\/option><option value=\"CF\">Rep\u00fablica Centroafricana<\/option><option value=\"TD\">Chad<\/option><option value=\"CL\">Chile<\/option><option value=\"CN\">China<\/option><option value=\"CX\">Isla de Navidad<\/option><option value=\"CC\">Islas Cocos (Keeling)<\/option><option value=\"CO\">Colombia<\/option><option value=\"KM\">Comoras<\/option><option value=\"CG\">Congo<\/option><option value=\"CD\">Congo, Rep\u00fablica Democr\u00e1tica del Congo<\/option><option value=\"CK\">Islas Cook<\/option><option value=\"CR\">Costa Rica<\/option><option value=\"CI\">Costa de Marfil<\/option><option value=\"HR\">Croacia<\/option><option value=\"CU\">Cuba<\/option><option value=\"CY\">Chipre<\/option><option value=\"CZ\">Rep\u00fablica Checa<\/option><option value=\"DK\">Dinamarca<\/option><option value=\"DJ\">Yibuti<\/option><option value=\"DM\">Dominica<\/option><option value=\"DO\">Rep\u00fablica Dominicana<\/option><option value=\"EC\">Ecuador<\/option><option value=\"EG\">Egipto<\/option><option value=\"SV\">El Salvador<\/option><option value=\"GQ\">Guinea Ecuatorial<\/option><option value=\"ER\">Eritrea<\/option><option value=\"EE\">Estonia<\/option><option value=\"ET\">Etiop\u00eda<\/option><option value=\"FK\">Islas Malvinas (Islands)<\/option><option value=\"FO\">Islas Faroe<\/option><option value=\"FJ\">Fiji<\/option><option value=\"FI\">Finlandia<\/option><option value=\"FR\">Francia<\/option><option value=\"GF\">Guayana Francesa<\/option><option value=\"PF\">Polinesia Francesa<\/option><option value=\"TF\">Territorios del Sur de Francia<\/option><option value=\"GA\">Gab\u00f3n<\/option><option value=\"GM\">Gambia<\/option><option value=\"GE\">Georgia<\/option><option value=\"DE\">Alemania<\/option><option value=\"GH\">Ghana<\/option><option value=\"GI\">Gibraltar<\/option><option value=\"GR\">Grecia<\/option><option value=\"GL\">Groenlandia<\/option><option value=\"GD\">Granada<\/option><option value=\"GP\">Guadalupe<\/option><option value=\"GU\">Guam<\/option><option value=\"GT\">Guatemala<\/option><option value=\"GN\">Guinea<\/option><option value=\"GW\">Guinea-Bissau<\/option><option value=\"GY\">Guyana<\/option><option value=\"HT\">Hait\u00ed<\/option><option value=\"HM\">Isla Heard e Islas Mcdonald<\/option><option value=\"VA\">Santa Sede (Estado de la Ciudad del Vaticano)<\/option><option value=\"HN\">Honduras<\/option><option value=\"HK\">Hong Kong<\/option><option value=\"HU\">Hungr\u00eda<\/option><option value=\"IS\">Islandia<\/option><option value=\"IN\">India<\/option><option value=\"ID\">Indonesia<\/option><option value=\"IR\">Ir\u00e1n, Rep\u00fablica Isl\u00e1mica<\/option><option value=\"IQ\">Irak<\/option><option value=\"IE\">Irlanda<\/option><option value=\"IL\">Israel<\/option><option value=\"IT\">Italia<\/option><option value=\"JM\">Jamaica<\/option><option value=\"JP\">Jap\u00f3n<\/option><option value=\"JO\">Jordania<\/option><option value=\"KZ\">Kazajst\u00e1n<\/option><option value=\"KE\">Kenia<\/option><option value=\"KI\">Kiribati<\/option><option value=\"KP\">Corea, Rep\u00fablica Popular Democr\u00e1tica<\/option><option value=\"KR\">Corea, Rep\u00fablica de<\/option><option value=\"KW\">Kuwait<\/option><option value=\"KG\">Kirguizist\u00e1n<\/option><option value=\"LA\">Rep\u00fablica Democr\u00e1tica Popular Lao<\/option><option value=\"LV\">Letonia<\/option><option value=\"LB\">L\u00edbano<\/option><option value=\"LS\">Lesotho<\/option><option value=\"LR\">Liberia<\/option><option value=\"LY\">Jamahiriya \u00c1rabe Libia<\/option><option value=\"LI\">Liechtenstein<\/option><option value=\"LT\">Lituania<\/option><option value=\"LU\">Luxemburgo<\/option><option value=\"MO\">Macao<\/option><option value=\"MK\">Macedonia, la ex Rep\u00fablica Yugoslava de Macedonia<\/option><option value=\"MG\">Madagascar<\/option><option value=\"MW\">Malawi<\/option><option value=\"MY\">Malasia<\/option><option value=\"MV\">Maldivas<\/option><option value=\"ML\">Mal\u00ed<\/option><option value=\"MT\">Malta<\/option><option value=\"MH\">Islas Marshall<\/option><option value=\"MQ\">Martinica<\/option><option value=\"MR\">Mauritania<\/option><option value=\"MU\">Mauricio<\/option><option value=\"YT\">Mayotte<\/option><option value=\"MX\">M\u00e9xico<\/option><option value=\"FM\">Micronesia, Estados Federados de<\/option><option value=\"MD\">Moldova, Rep\u00fablica de<\/option><option value=\"MC\">M\u00f3naco<\/option><option value=\"MN\">Mongolia<\/option><option value=\"MS\">Montserrat<\/option><option value=\"MA\">Marruecos<\/option><option value=\"MZ\">Mozambique<\/option><option value=\"MM\">Myanmar<\/option><option value=\"NA\">Namibia<\/option><option value=\"NR\">Nauru<\/option><option value=\"NP\">Nepal<\/option><option value=\"NL\">Pa\u00edses Bajos<\/option><option value=\"AN\">Antillas Neerlandesas<\/option><option value=\"NC\">Nueva Caledonia<\/option><option value=\"NZ\">Nueva Zelanda<\/option><option value=\"NI\">Nicaragua<\/option><option value=\"NE\">N\u00edger<\/option><option value=\"NG\">Nigeria<\/option><option value=\"NU\">Niue<\/option><option value=\"NF\">Isla Norfolk<\/option><option value=\"MP\">Islas Marianas del Norte<\/option><option value=\"NO\">Noruega<\/option><option value=\"OM\">Om\u00e1n<\/option><option value=\"PK\">Pakist\u00e1n<\/option><option value=\"PW\">Palau<\/option><option value=\"PS\">Palestina<\/option><option value=\"PA\">Panam\u00e1<\/option><option value=\"PG\">Pap\u00faa Nueva Guinea<\/option><option value=\"PY\">Paraguay<\/option><option value=\"PE\">Per\u00fa<\/option><option value=\"PH\">Filipinas<\/option><option value=\"PN\">Pitcairn<\/option><option value=\"PL\">Polonia<\/option><option value=\"PT\">Portugal<\/option><option value=\"PR\">Puerto Rico<\/option><option value=\"QA\">Qatar<\/option><option value=\"RE\">Reuni\u00f3n<\/option><option value=\"RO\">Rumania<\/option><option value=\"RU\">Federaci\u00f3n de Rusia<\/option><option value=\"RW\">Ruanda<\/option><option value=\"SH\">Santa Elena<\/option><option value=\"KN\">San Crist\u00f3bal y Nieves<\/option><option value=\"LC\">Santa Luc\u00eda<\/option><option value=\"PM\">San Pedro y Miquel\u00f3n<\/option><option value=\"VC\">San Vicente y las Granadinas<\/option><option value=\"WS\">Samoa<\/option><option value=\"SM\">San Marino<\/option><option value=\"ST\">Santo Tom\u00e9 y Pr\u00edncipe<\/option><option value=\"SA\">Arabia Saud\u00ed<\/option><option value=\"SN\">Senegal<\/option><option value=\"CS\">Serbia y Montenegro<\/option><option value=\"SC\">Seychelles<\/option><option value=\"SL\">Sierra Leona<\/option><option value=\"SG\">Singapur<\/option><option value=\"SK\">Eslovaquia<\/option><option value=\"SI\">Eslovenia<\/option><option value=\"SB\">Islas Salom\u00f3n<\/option><option value=\"SO\">Somalia<\/option><option value=\"ZA\">Sud\u00e1frica<\/option><option value=\"GS\">Islas Georgias del Sur y Sandwich del Sur<\/option><option value=\"ES\">Espa\u00f1a<\/option><option value=\"LK\">Sri Lanka<\/option><option value=\"SD\">Sud\u00e1n<\/option><option value=\"SR\">Suriname<\/option><option value=\"SJ\">Svalbard y Jan Mayen<\/option><option value=\"SZ\">Swazilandia<\/option><option value=\"SE\">Suecia<\/option><option value=\"CH\">Suiza<\/option><option value=\"SY\">Rep\u00fablica \u00c1rabe Siria<\/option><option value=\"TW\">Taiw\u00e1n, Provincia de China<\/option><option value=\"TJ\">Tayikist\u00e1n<\/option><option value=\"TZ\">Tanzania, Rep\u00fablica Unida de<\/option><option value=\"TH\">Tailandia<\/option><option value=\"TL\">Timor-Leste<\/option><option value=\"TG\">Togo<\/option><option value=\"TK\">Tokelau<\/option><option value=\"TO\">Tonga<\/option><option value=\"TT\">Trinidad y Tobago<\/option><option value=\"TN\">T\u00fanez<\/option><option value=\"TR\">Turqu\u00eda<\/option><option value=\"TM\">Turkmenist\u00e1n<\/option><option value=\"TC\">Islas Turcas y Caicos<\/option><option value=\"TV\">Tuvalu<\/option><option value=\"UG\">Uganda<\/option><option value=\"UA\">Ucrania<\/option><option value=\"AE\">Emiratos \u00c1rabes Unidos<\/option><option value=\"GB\">Reino Unido<\/option><option value=\"US\">Estados Unidos<\/option><option value=\"UM\">Islas Perif\u00e9ricas Menores de los Estados Unidos<\/option><option value=\"UY\">Uruguay<\/option><option value=\"UZ\">Uzbekist\u00e1n<\/option><option value=\"VU\">Vanuatu<\/option><option value=\"VE\">Venezuela<\/option><option value=\"VN\">Vietnam<\/option><option value=\"VG\">Islas V\u00edrgenes, Brit\u00e1nicas<\/option><option value=\"VI\">Islas V\u00edrgenes, Estados Unidos<\/option><option value=\"WF\">Wallis y Futuna<\/option><option value=\"EH\">S\u00e1hara Occidental<\/option><option value=\"YE\">Yemen<\/option><option value=\"ZM\">Zambia<\/option><option value=\"ZW\">Zimbabue<\/option><\/select><\/label><\/div><\/div><div class=\"form-field full-width\"><label for=\"jobDetails\">Describe the problem, symptoms, or any special instructions.<\/label><textarea id=\"jobDetails\" name=\"jobDetails\" rows=\"4\" required placeholder=\"Describe the problem, symptoms, or any special instructions.\"><\/textarea><\/div><div class=\"attachmentserror\"><\/div><div class=\"jobAttachments displayNone\" id=\"jobAttachments\"><\/div><label for=\"reciepetAttachment\" class=\"btn wcrbmargin-bt btn-secondary button secondary\">Attach Files<\/label>\r\n                      <input type=\"file\" id=\"reciepetAttachment\" name=\"reciepetAttachment\" data-security=\"accd734b85\" class=\"show-for-sr\"><div class=\"grid-x grid-margin-x\"><div class=\"medium-12 cell\"><label><input type=\"checkbox\" name=\"theGdprAccept\" required value=\"Yes\" \/> (*) I understand that I will be contacted by a representative regarding this request and I agree to the privacy policy. <a href=\"https:\/\/gooddeedsauto.com\/es\/privacy-policy\/\" target=\"_blank\">Privacy policy<\/a><\/label><\/div><!-- column Ends \/--><\/div><!-- grid-x ends \/--><div id=\"repairbuddy-captcha-placeholder\" class=\"repairbuddy-captcha-field\"><div class=\"captcha-loader\">Loading security check...<\/div><\/div><div class=\"wcrbbookingalert\"><\/div><button type=\"submit\" class=\"btn btn-primary button primary btnfwd submit_booking_btn bookingaction\">Submit Booking<\/button><\/div><\/div><input type=\"hidden\" name=\"form_type\" value=\"wc_rb_booking_form\" \/><\/div><!-- body ends \/--><div class=\"booking_message\"><\/div><\/div><input type=\"hidden\" name=\"trp-form-language\" value=\"es\"\/><\/div><!-- wc_rb_mb_wrap Ends \/--><\/form>","protected":false},"excerpt":{"rendered":"","protected":false},"author":1,"featured_media":0,"parent":0,"menu_order":0,"comment_status":"closed","ping_status":"closed","template":"","meta":{"footnotes":""},"class_list":["post-49","page","type-page","status-publish","hentry"],"_links":{"self":[{"href":"https:\/\/gooddeedsauto.com\/es\/wp-json\/wp\/v2\/pages\/49","targetHints":{"allow":["GET"]}}],"collection":[{"href":"https:\/\/gooddeedsauto.com\/es\/wp-json\/wp\/v2\/pages"}],"about":[{"href":"https:\/\/gooddeedsauto.com\/es\/wp-json\/wp\/v2\/types\/page"}],"author":[{"embeddable":true,"href":"https:\/\/gooddeedsauto.com\/es\/wp-json\/wp\/v2\/users\/1"}],"replies":[{"embeddable":true,"href":"https:\/\/gooddeedsauto.com\/es\/wp-json\/wp\/v2\/comments?post=49"}],"version-history":[{"count":2,"href":"https:\/\/gooddeedsauto.com\/es\/wp-json\/wp\/v2\/pages\/49\/revisions"}],"predecessor-version":[{"id":138,"href":"https:\/\/gooddeedsauto.com\/es\/wp-json\/wp\/v2\/pages\/49\/revisions\/138"}],"wp:attachment":[{"href":"https:\/\/gooddeedsauto.com\/es\/wp-json\/wp\/v2\/media?parent=49"}],"curies":[{"name":"wp","href":"https:\/\/api.w.org\/{rel}","templated":true}]}}